{"id":44923,"date":"2025-06-19T11:09:23","date_gmt":"2025-06-19T11:09:23","guid":{"rendered":"https:\/\/fundacionlegar.org\/?page_id=44923"},"modified":"2025-10-24T09:52:37","modified_gmt":"2025-10-24T09:52:37","slug":"colabora","status":"publish","type":"page","link":"https:\/\/fundacionlegar.org\/gl\/colabora\/","title":{"rendered":"Colabora"},"content":{"rendered":"<p>[et_pb_section fb_built=\u00bb1&#8243; admin_label=\u00bbHeader\u00bb _builder_version=\u00bb4.27.4&#8243; _module_preset=\u00bbdefault\u00bb background_color=\u00bb#ded2c0&#8243; background_image=\u00bbhttps:\/\/fundacionlegar.org\/wp-content\/uploads\/2025\/06\/IMG_0099-HDR-scaled.jpg\u00bb parallax=\u00bbon\u00bb background_enable_video_mp4=\u00bboff\u00bb locked=\u00bboff\u00bb collapsed=\u00bboff\u00bb global_colors_info=\u00bb{}\u00bb][et_pb_row _builder_version=\u00bb4.27.4&#8243; _module_preset=\u00bbdefault\u00bb max_width=\u00bb80%\u00bb custom_margin=\u00bb20rem||||false|false\u00bb global_colors_info=\u00bb{}\u00bb][et_pb_column type=\u00bb4_4&#8243; _builder_version=\u00bb4.20.4&#8243; _module_preset=\u00bbdefault\u00bb global_colors_info=\u00bb{}\u00bb][et_pb_text _builder_version=\u00bb4.27.4&#8243; _module_preset=\u00bbdefault\u00bb text_font=\u00bbAlegreya||||||||\u00bb header_text_align=\u00bbcenter\u00bb header_text_color=\u00bb#FFFFFF\u00bb inline_fonts=\u00bbAlegreya\u00bb global_colors_info=\u00bb{}\u00bb]<\/p>\n<h1 style=\"text-align: left;\"><span style=\"font-family: Alegreya; font-weight: normal; color: #ffffff;\">Colabora<\/span><\/h1>\n<p>[\/et_pb_text][\/et_pb_column][\/et_pb_row][\/et_pb_section][et_pb_section fb_built=\u00bb1&#8243; custom_padding_last_edited=\u00bbon|desktop\u00bb admin_label=\u00bbEventos\u00bb _builder_version=\u00bb4.27.4&#8243; _module_preset=\u00bbdefault\u00bb background_color=\u00bbgcid-f1e65d51-fa2f-4bf0-b2c1-8eab7001e8fd\u00bb custom_margin=\u00bb|0px|-6rem|0px|false|true\u00bb custom_padding=\u00bb2rem|0px|2rem|0px|true|true\u00bb custom_padding_tablet=\u00bb2rem|0px|2rem|0px|true|true\u00bb custom_padding_phone=\u00bb2rem|0px|2rem|0px|true|true\u00bb locked=\u00bboff\u00bb collapsed=\u00bboff\u00bb global_colors_info=\u00bb{%22gcid-f1e65d51-fa2f-4bf0-b2c1-8eab7001e8fd%22:%91%22background_color%22%93}\u00bb][et_pb_row _builder_version=\u00bb4.27.4&#8243; _module_preset=\u00bbdefault\u00bb background_enable_color=\u00bboff\u00bb max_width=\u00bb80%\u00bb custom_margin=\u00bb||||false|false\u00bb custom_padding=\u00bb||2rem||false|false\u00bb locked=\u00bboff\u00bb global_colors_info=\u00bb{}\u00bb][et_pb_column type=\u00bb4_4&#8243; _builder_version=\u00bb4.27.4&#8243; _module_preset=\u00bbdefault\u00bb background_enable_color=\u00bboff\u00bb global_colors_info=\u00bb{}\u00bb][et_pb_cta button_url=\u00bb@ET-DC@eyJkeW5hbWljIjp0cnVlLCJjb250ZW50IjoicG9zdF9saW5rX3VybF9wYWdlIiwic2V0dGluZ3MiOnsicG9zdF9pZCI6IjQ0ODQyIn19@\u00bb _builder_version=\u00bb4.27.4&#8243; _dynamic_attributes=\u00bbbutton_url\u00bb _module_preset=\u00bbdefault\u00bb background_color=\u00bb#ffffff\u00bb text_orientation=\u00bbleft\u00bb global_colors_info=\u00bb{}\u00bb]<\/p>\n<p style=\"text-align: left;\">Mantener vivo el Museo de la M\u00fasica Ra\u00edz es una labor arraigada. Si quieres aportar tu granito de arena para que este proyecto siga adelante, tienes varias maneras de hacerlo: con una donaci\u00f3n, aportando materiales o simplemente ayudando a difundirlo.<\/p>\n<p>[\/et_pb_cta][\/et_pb_column][\/et_pb_row][\/et_pb_section][et_pb_section fb_built=\u00bb1&#8243; admin_label=\u00bbColabora\u00bb module_class=\u00bbparallax-izq\u00bb _builder_version=\u00bb4.27.4&#8243; _module_preset=\u00bbdefault\u00bb background_image=\u00bbhttps:\/\/fundacionlegar.org\/wp-content\/uploads\/2025\/06\/bg-transparent-1.png\u00bb custom_margin=\u00bb|0px||0px|true|true\u00bb custom_padding=\u00bb6rem|0px|6rem|0px|true|true\u00bb hover_enabled=\u00bb0&#8243; collapsed=\u00bboff\u00bb global_colors_info=\u00bb{}\u00bb sticky_enabled=\u00bb0&#8243;][et_pb_row column_structure=\u00bb1_2,1_2&#8243; use_custom_gutter=\u00bbon\u00bb gutter_width=\u00bb2&#8243; custom_padding_last_edited=\u00bbon|phone\u00bb _builder_version=\u00bb4.27.4&#8243; _module_preset=\u00bbdefault\u00bb width=\u00bb90%\u00bb max_width=\u00bb80%\u00bb max_width_tablet=\u00bb90%\u00bb max_width_phone=\u00bb90%\u00bb max_width_last_edited=\u00bbon|phone\u00bb custom_padding=\u00bb0px||0px||false|false\u00bb custom_padding_tablet=\u00bb0px||0px||false|false\u00bb custom_padding_phone=\u00bb0px||0px||false|false\u00bb locked=\u00bboff\u00bb global_colors_info=\u00bb{}\u00bb][et_pb_column type=\u00bb1_2&#8243; _builder_version=\u00bb4.27.4&#8243; _module_preset=\u00bbdefault\u00bb background_enable_color=\u00bboff\u00bb custom_padding=\u00bb||||true|true\u00bb custom_padding_tablet=\u00bb40px|0px|40px|0px|true|true\u00bb custom_padding_phone=\u00bb40px|0px|40px|0px|true|true\u00bb custom_padding_last_edited=\u00bbon|phone\u00bb sticky_position=\u00bbbottom\u00bb sticky_limit_top=\u00bbrow\u00bb sticky_position_tablet=\u00bbnone\u00bb sticky_position_phone=\u00bb\u00bb sticky_position_last_edited=\u00bbon|desktop\u00bb sticky_offset_top_tablet=\u00bb\u00bb sticky_offset_top_phone=\u00bb\u00bb sticky_offset_top_last_edited=\u00bbon|tablet\u00bb border_radii=\u00bbon|6px|6px|6px|6px\u00bb global_colors_info=\u00bb{%22gcid-a93f2103-1d8b-43bb-b21d-81d84bba8b15%22:%91%22background_color_1%22,%22background_color%22%93}\u00bb][et_pb_image src=\u00bbhttps:\/\/fundacionlegar.org\/wp-content\/uploads\/2025\/10\/Centro-de-interpretacion-da-musica-de-Raiz.jpg\u00bb alt=\u00bbImagen interior do centro de interpretaci\u00f3n de la m\u00fasica de ra\u00edz\u00bb title_text=\u00bbCentro de interpretaci\u00f3n da m\u00fasica de Ra\u00edz\u00bb src_last_edited=\u00bboff|desktop\u00bb module_class=\u00bbimage-fill\u00bb _builder_version=\u00bb4.27.4&#8243; _module_preset=\u00bbdefault\u00bb max_width=\u00bb70%\u00bb global_colors_info=\u00bb{}\u00bb][\/et_pb_image][et_pb_button button_url=\u00bb@ET-DC@eyJkeW5hbWljIjp0cnVlLCJjb250ZW50IjoicG9zdF9saW5rX3VybF9wYWdlIiwic2V0dGluZ3MiOnsicG9zdF9pZCI6IjQ0ODQyIn19@\u00bb button_text=\u00bbColabora\u00bb _builder_version=\u00bb4.27.4&#8243; _dynamic_attributes=\u00bbbutton_url\u00bb _module_preset=\u00bbdefault\u00bb custom_button=\u00bbon\u00bb button_border_radius=\u00bb6px\u00bb custom_padding=\u00bb1rem||1rem|1rem|true|false\u00bb box_shadow_style=\u00bbpreset1&#8243; box_shadow_vertical=\u00bb3px\u00bb box_shadow_blur=\u00bb19px\u00bb box_shadow_spread=\u00bb-12px\u00bb global_colors_info=\u00bb{%22gcid-a93f2103-1d8b-43bb-b21d-81d84bba8b15%22:%91%22background_color_1%22,%22background_color_1%22,%22background_color_1%22,%22image_icon_background_color%22,%22image_icon_background_color%22,%22image_icon_background_color%22,%22image_icon_background_color%22,%22image_icon_background_color%22,%22background_color_1%22,%22image_icon_background_color%22,%22image_icon_background_color%22%93,%22gcid-779a3d53-700b-4950-9fae-611323b51b16%22:%91%22body_link_text_color%22,%22body_link_text_color%22,%22body_link_text_color%22,%22body_link_text_color%22,%22body_link_text_color%22,%22body_link_text_color%22,%22body_link_text_color%22%93}\u00bb][\/et_pb_button][\/et_pb_column][et_pb_column type=\u00bb1_2&#8243; _builder_version=\u00bb4.27.4&#8243; _module_preset=\u00bbdefault\u00bb global_colors_info=\u00bb{}\u00bb][et_pb_blurb image_icon_background_color=\u00bbRGBA(255,255,255,0)\u00bb image=\u00bbhttps:\/\/fundacionlegar.org\/wp-content\/uploads\/2025\/10\/bullet.svg\u00bb image_icon_width=\u00bb40px\u00bb icon_alignment=\u00bbleft\u00bb content_max_width=\u00bb100%\u00bb _builder_version=\u00bb4.27.4&#8243; _module_preset=\u00bb_initial\u00bb header_level=\u00bbh3&#8243; header_font=\u00bbInter|700|||||||\u00bb header_font_size=\u00bb15px\u00bb header_line_height=\u00bb1.4em\u00bb body_font=\u00bb||||||||\u00bb body_font_size=\u00bb16px\u00bb body_line_height=\u00bb1.8em\u00bb body_link_font=\u00bb||||on||||\u00bb body_link_text_color=\u00bbgcid-779a3d53-700b-4950-9fae-611323b51b16&#8243; image_icon_custom_padding=\u00bb||||true|true\u00bb custom_margin=\u00bb||||false|false\u00bb custom_padding=\u00bb40px|15px|40px|15px|true|true\u00bb animation=\u00bboff\u00bb header_font_size_tablet=\u00bb16px\u00bb header_font_size_phone=\u00bb14px\u00bb header_font_size_last_edited=\u00bbon|desktop\u00bb body_font_size_tablet=\u00bb15px\u00bb body_font_size_phone=\u00bb14px\u00bb body_font_size_last_edited=\u00bbon|desktop\u00bb border_width_all=\u00bb2px\u00bb border_color_all=\u00bbrgba(0,0,0,0.12)\u00bb border_style_all_image=\u00bbnone\u00bb locked=\u00bboff\u00bb global_colors_info=\u00bb{%22gcid-a93f2103-1d8b-43bb-b21d-81d84bba8b15%22:%91%22background_color_1%22,%22background_color%22,%22background_color_1%22,%22background_color%22,%22image_icon_background_color%22,%22image_icon_background_color%22,%22image_icon_background_color%22,%22image_icon_background_color%22,%22image_icon_background_color%22,%22background_color_1%22,%22background_color%22,%22image_icon_background_color%22,%22image_icon_background_color%22%93,%22gcid-779a3d53-700b-4950-9fae-611323b51b16%22:%91%22body_link_text_color%22,%22body_link_text_color%22,%22body_link_text_color%22,%22body_link_text_color%22,%22body_link_text_color%22,%22body_link_text_color%22,%22body_link_text_color%22%93}\u00bb]<\/p>\n<p><span style=\"color: #32491b;\">Ao doar, ax\u00fadasnos a preservar o patrimonio inmaterial do noso pobo. Cada gaita, cada pandeireta, cada zanfona que forma parte do Museo da M\u00fasica de Ra\u00edz garda unha historia, un son e unha tradici\u00f3n que non podemos permitir que se esvaeza.<br \/><\/span><\/p>\n<p>Contacta connosco a trav\u00e9s do formulario ou a trav\u00e9s do noso <strong><a style=\"color: #32491b !important; text-decoration: none;\" href=\"mailto:info@fundacionlegar.com\">mail<\/a><\/strong> ou n\u00fameros de tel\u00e9fono<strong> <a style=\"color: #32491b !important; text-decoration: none;\" href=\"tel:622832227\">622832227<\/a> \/ <a style=\"color: #32491b !important; text-decoration: none;\" href=\"tel:667380573\">667380573<\/a><\/strong><span style=\"color: #32491b;\"><\/span><\/p>\n<p><span style=\"color: #32491b;\"><\/span><\/p>\n<p>[\/et_pb_blurb][et_pb_blurb image_icon_background_color=\u00bbRGBA(255,255,255,0)\u00bb image=\u00bbhttps:\/\/fundacionlegar.org\/wp-content\/uploads\/2025\/10\/bullet.svg\u00bb image_icon_width=\u00bb40px\u00bb icon_alignment=\u00bbleft\u00bb content_max_width=\u00bb100%\u00bb _builder_version=\u00bb4.27.4&#8243; _module_preset=\u00bb_initial\u00bb header_level=\u00bbh3&#8243; header_font=\u00bbInter|700|||||||\u00bb header_font_size=\u00bb15px\u00bb header_line_height=\u00bb1.4em\u00bb body_font=\u00bb||||||||\u00bb body_font_size=\u00bb16px\u00bb body_line_height=\u00bb1.8em\u00bb body_link_font=\u00bb||||on||||\u00bb body_link_text_color=\u00bbgcid-779a3d53-700b-4950-9fae-611323b51b16&#8243; image_icon_custom_padding=\u00bb||||true|true\u00bb custom_margin=\u00bb||||false|false\u00bb custom_padding=\u00bb40px|15px|40px|15px|true|true\u00bb animation=\u00bboff\u00bb header_font_size_tablet=\u00bb16px\u00bb header_font_size_phone=\u00bb14px\u00bb header_font_size_last_edited=\u00bbon|desktop\u00bb body_font_size_tablet=\u00bb15px\u00bb body_font_size_phone=\u00bb14px\u00bb body_font_size_last_edited=\u00bbon|desktop\u00bb border_width_all=\u00bb2px\u00bb border_color_all=\u00bbrgba(0,0,0,0.12)\u00bb border_style_all_image=\u00bbnone\u00bb locked=\u00bboff\u00bb global_colors_info=\u00bb{%22gcid-a93f2103-1d8b-43bb-b21d-81d84bba8b15%22:%91%22background_color_1%22,%22background_color%22,%22background_color_1%22,%22background_color%22,%22image_icon_background_color%22,%22image_icon_background_color%22,%22image_icon_background_color%22,%22image_icon_background_color%22,%22image_icon_background_color%22,%22background_color_1%22,%22background_color%22,%22image_icon_background_color%22,%22image_icon_background_color%22,%22background_color_1%22,%22background_color%22,%22background_color_1%22,%22background_color%22,%22image_icon_background_color%22,%22image_icon_background_color%22,%22image_icon_background_color%22,%22image_icon_background_color%22,%22image_icon_background_color%22%93,%22gcid-779a3d53-700b-4950-9fae-611323b51b16%22:%91%22body_link_text_color%22,%22body_link_text_color%22,%22body_link_text_color%22,%22body_link_text_color%22,%22body_link_text_color%22,%22body_link_text_color%22,%22body_link_text_color%22,%22body_link_text_color%22,%22body_link_text_color%22,%22body_link_text_color%22,%22body_link_text_color%22,%22body_link_text_color%22%93}\u00bb]<\/p>\n<p>As cantidades achegadas estar\u00e1n suxeitas \u00e1 Lei 49\/2002, do 23 de decembro, de R\u00e9xime Fiscal das Entidades sen \u00c1nimo de Lucro e Incentivos Fiscais ao Mecenado.<br \/>Os datos proporcionados para participar nestas achegas est\u00e1n suxeitos \u00e1 lexislaci\u00f3n vixente en materia de protecci\u00f3n de datos, concretamente \u00e1 Lei Org\u00e1nica 15\/1999 de Protecci\u00f3n de Datos de Car\u00e1cter Persoal, \u00e1 s\u00faa normativa de desenvolvemento e a calquera normativa que sexa de aplicaci\u00f3n en cada momento.<\/p>\n<p>[\/et_pb_blurb][\/et_pb_column][\/et_pb_row][\/et_pb_section]<\/p>","protected":false},"excerpt":{"rendered":"<p>ColaboraMantener vivo el Museo de la M\u00fasica Ra\u00edz es una labor arraigada. Si quieres aportar tu granito de arena para que este proyecto siga adelante, tienes varias maneras de hacerlo: con una donaci\u00f3n, aportando materiales o simplemente ayudando a difundirlo.Al donar, nos ayudas a preservar el patrimonio inmaterial de nuestro pueblo. Cada gaita, cada pandereta, [&hellip;]<\/p>","protected":false},"author":4,"featured_media":0,"parent":0,"menu_order":0,"comment_status":"closed","ping_status":"closed","template":"","meta":{"_acf_changed":false,"_et_pb_use_builder":"on","_et_pb_old_content":"","_et_gb_content_width":"","inline_featured_image":false,"_joinchat":[],"footnotes":""},"class_list":["post-44923","page","type-page","status-publish","hentry"],"acf":[],"yoast_head":"<!-- This site is optimized with the Yoast SEO plugin v24.9 - https:\/\/yoast.com\/wordpress\/plugins\/seo\/ -->\n<title>Colabora \u00b7 Fundaci\u00f3n Legar \u2013 Apoya el patrimonio musical<\/title>\n<meta name=\"description\" content=\"S\u00famate al proyecto de Fundaci\u00f3n Legar: apoya la conservaci\u00f3n de la m\u00fasica tradicional gallega a trav\u00e9s de donaciones, voluntariado o alianzas.\" \/>\n<meta name=\"robots\" content=\"index, follow, max-snippet:-1, max-image-preview:large, max-video-preview:-1\" \/>\n<link rel=\"canonical\" href=\"https:\/\/legar.lkx.es\/colabora\/\" \/>\n<meta property=\"og:locale\" content=\"gl_ES\" \/>\n<meta property=\"og:type\" content=\"article\" \/>\n<meta property=\"og:title\" content=\"Colabora \u00b7 Fundaci\u00f3n Legar \u2013 Apoya el patrimonio musical\" \/>\n<meta property=\"og:description\" content=\"S\u00famate al proyecto de Fundaci\u00f3n Legar: apoya la conservaci\u00f3n de la m\u00fasica tradicional gallega a trav\u00e9s de donaciones, voluntariado o alianzas.\" \/>\n<meta property=\"og:url\" content=\"https:\/\/legar.lkx.es\/colabora\/\" \/>\n<meta property=\"og:site_name\" content=\"Legar\" \/>\n<meta property=\"article:modified_time\" content=\"2025-10-24T09:52:37+00:00\" \/>\n<meta name=\"twitter:card\" content=\"summary_large_image\" \/>\n<script type=\"application\/ld+json\" class=\"yoast-schema-graph\">{\"@context\":\"https:\/\/schema.org\",\"@graph\":[{\"@type\":\"WebPage\",\"@id\":\"https:\/\/legar.lkx.es\/colabora\/\",\"url\":\"https:\/\/legar.lkx.es\/colabora\/\",\"name\":\"Colabora \u00b7 Fundaci\u00f3n Legar \u2013 Apoya el patrimonio musical\",\"isPartOf\":{\"@id\":\"https:\/\/fundacionlegar.org\/#website\"},\"datePublished\":\"2025-06-19T11:09:23+00:00\",\"dateModified\":\"2025-10-24T09:52:37+00:00\",\"description\":\"S\u00famate al proyecto de Fundaci\u00f3n Legar: apoya la conservaci\u00f3n de la m\u00fasica tradicional gallega a trav\u00e9s de donaciones, voluntariado o alianzas.\",\"breadcrumb\":{\"@id\":\"https:\/\/legar.lkx.es\/colabora\/#breadcrumb\"},\"inLanguage\":\"gl-ES\",\"potentialAction\":[{\"@type\":\"ReadAction\",\"target\":[\"https:\/\/legar.lkx.es\/colabora\/\"]}]},{\"@type\":\"BreadcrumbList\",\"@id\":\"https:\/\/legar.lkx.es\/colabora\/#breadcrumb\",\"itemListElement\":[{\"@type\":\"ListItem\",\"position\":1,\"name\":\"Portada\",\"item\":\"https:\/\/fundacionlegar.org\/\"},{\"@type\":\"ListItem\",\"position\":2,\"name\":\"Colabora\"}]},{\"@type\":\"WebSite\",\"@id\":\"https:\/\/fundacionlegar.org\/#website\",\"url\":\"https:\/\/fundacionlegar.org\/\",\"name\":\"Legar\",\"description\":\"Fundaci\u00f3n Legar\",\"potentialAction\":[{\"@type\":\"SearchAction\",\"target\":{\"@type\":\"EntryPoint\",\"urlTemplate\":\"https:\/\/fundacionlegar.org\/?s={search_term_string}\"},\"query-input\":{\"@type\":\"PropertyValueSpecification\",\"valueRequired\":true,\"valueName\":\"search_term_string\"}}],\"inLanguage\":\"gl-ES\"}]}<\/script>\n<!-- \/ Yoast SEO plugin. -->","yoast_head_json":{"title":"Colabora \u00b7 Fundaci\u00f3n Legar \u2013 Apoya el patrimonio musical","description":"S\u00famate al proyecto de Fundaci\u00f3n Legar: apoya la conservaci\u00f3n de la m\u00fasica tradicional gallega a trav\u00e9s de donaciones, voluntariado o alianzas.","robots":{"index":"index","follow":"follow","max-snippet":"max-snippet:-1","max-image-preview":"max-image-preview:large","max-video-preview":"max-video-preview:-1"},"canonical":"https:\/\/legar.lkx.es\/colabora\/","og_locale":"gl_ES","og_type":"article","og_title":"Colabora \u00b7 Fundaci\u00f3n Legar \u2013 Apoya el patrimonio musical","og_description":"S\u00famate al proyecto de Fundaci\u00f3n Legar: apoya la conservaci\u00f3n de la m\u00fasica tradicional gallega a trav\u00e9s de donaciones, voluntariado o alianzas.","og_url":"https:\/\/legar.lkx.es\/colabora\/","og_site_name":"Legar","article_modified_time":"2025-10-24T09:52:37+00:00","twitter_card":"summary_large_image","schema":{"@context":"https:\/\/schema.org","@graph":[{"@type":"WebPage","@id":"https:\/\/legar.lkx.es\/colabora\/","url":"https:\/\/legar.lkx.es\/colabora\/","name":"Colabora \u00b7 Fundaci\u00f3n Legar \u2013 Apoya el patrimonio musical","isPartOf":{"@id":"https:\/\/fundacionlegar.org\/#website"},"datePublished":"2025-06-19T11:09:23+00:00","dateModified":"2025-10-24T09:52:37+00:00","description":"S\u00famate al proyecto de Fundaci\u00f3n Legar: apoya la conservaci\u00f3n de la m\u00fasica tradicional gallega a trav\u00e9s de donaciones, voluntariado o alianzas.","breadcrumb":{"@id":"https:\/\/legar.lkx.es\/colabora\/#breadcrumb"},"inLanguage":"gl-ES","potentialAction":[{"@type":"ReadAction","target":["https:\/\/legar.lkx.es\/colabora\/"]}]},{"@type":"BreadcrumbList","@id":"https:\/\/legar.lkx.es\/colabora\/#breadcrumb","itemListElement":[{"@type":"ListItem","position":1,"name":"Portada","item":"https:\/\/fundacionlegar.org\/"},{"@type":"ListItem","position":2,"name":"Colabora"}]},{"@type":"WebSite","@id":"https:\/\/fundacionlegar.org\/#website","url":"https:\/\/fundacionlegar.org\/","name":"Legar","description":"Fundaci\u00f3n Legar","potentialAction":[{"@type":"SearchAction","target":{"@type":"EntryPoint","urlTemplate":"https:\/\/fundacionlegar.org\/?s={search_term_string}"},"query-input":{"@type":"PropertyValueSpecification","valueRequired":true,"valueName":"search_term_string"}}],"inLanguage":"gl-ES"}]}},"_links":{"self":[{"href":"https:\/\/fundacionlegar.org\/gl\/wp-json\/wp\/v2\/pages\/44923","targetHints":{"allow":["GET"]}}],"collection":[{"href":"https:\/\/fundacionlegar.org\/gl\/wp-json\/wp\/v2\/pages"}],"about":[{"href":"https:\/\/fundacionlegar.org\/gl\/wp-json\/wp\/v2\/types\/page"}],"author":[{"embeddable":true,"href":"https:\/\/fundacionlegar.org\/gl\/wp-json\/wp\/v2\/users\/4"}],"replies":[{"embeddable":true,"href":"https:\/\/fundacionlegar.org\/gl\/wp-json\/wp\/v2\/comments?post=44923"}],"version-history":[{"count":24,"href":"https:\/\/fundacionlegar.org\/gl\/wp-json\/wp\/v2\/pages\/44923\/revisions"}],"predecessor-version":[{"id":47487,"href":"https:\/\/fundacionlegar.org\/gl\/wp-json\/wp\/v2\/pages\/44923\/revisions\/47487"}],"wp:attachment":[{"href":"https:\/\/fundacionlegar.org\/gl\/wp-json\/wp\/v2\/media?parent=44923"}],"curies":[{"name":"wp","href":"https:\/\/api.w.org\/{rel}","templated":true}]}}